{"id":19,"date":"2021-12-27T10:54:30","date_gmt":"2021-12-27T10:54:30","guid":{"rendered":"https:\/\/musicoterapia.estudioprodusom.com\/?page_id=19"},"modified":"2022-01-06T12:01:13","modified_gmt":"2022-01-06T12:01:13","slug":"estimulacao-pre-natal","status":"publish","type":"page","link":"https:\/\/musicoterapia.estudioprodusom.com\/index.php\/estimulacao-pre-natal\/","title":{"rendered":"Estimula\u00e7\u00e3o Pr\u00e9-Natal"},"content":{"rendered":"\n<figure class=\"wp-block-gallery columns-1 is-cropped wp-block-gallery-1 is-layout-flex wp-block-gallery-is-layout-flex\"><ul class=\"blocks-gallery-grid\"><li class=\"blocks-gallery-item\"><figure><img loading=\"lazy\" decoding=\"async\" width=\"731\" height=\"1024\" src=\"https:\/\/musicoterapia.estudioprodusom.com\/wp-content\/uploads\/2022\/01\/Gravida-pre-natalidade-731x1024.jpg\" alt=\"\" data-id=\"249\" data-full-url=\"https:\/\/musicoterapia.estudioprodusom.com\/wp-content\/uploads\/2022\/01\/Gravida-pre-natalidade.jpg\" data-link=\"https:\/\/musicoterapia.estudioprodusom.com\/index.php\/estimulacao-pre-natal\/gravida-pre-natalidade\/\" class=\"wp-image-249\" srcset=\"https:\/\/musicoterapia.estudioprodusom.com\/wp-content\/uploads\/2022\/01\/Gravida-pre-natalidade-731x1024.jpg 731w, https:\/\/musicoterapia.estudioprodusom.com\/wp-content\/uploads\/2022\/01\/Gravida-pre-natalidade-214x300.jpg 214w, https:\/\/musicoterapia.estudioprodusom.com\/wp-content\/uploads\/2022\/01\/Gravida-pre-natalidade-768x1076.jpg 768w, https:\/\/musicoterapia.estudioprodusom.com\/wp-content\/uploads\/2022\/01\/Gravida-pre-natalidade-1097x1536.jpg 1097w, https:\/\/musicoterapia.estudioprodusom.com\/wp-content\/uploads\/2022\/01\/Gravida-pre-natalidade.jpg 1428w\" sizes=\"auto, (max-width: 731px) 100vw, 731px\" \/><\/figure><\/li><\/ul><\/figure>\n\n\n\n<p class=\"has-text-align-center\">A&nbsp;<strong>estimula\u00e7\u00e3o pr\u00e9-natal<\/strong>&nbsp;corresponde a um processo de aprendizagem anterior ao nascimento da crian\u00e7a, em que seu desenvolvimento mental, emocional e sensorial \u00e9 estimulado por meio da m\u00fasica.<\/p>\n\n\n\n<p class=\"has-text-align-center\">V\u00e1rios estudos t\u00eam demonstrado que est\u00edmulos sonoros, como tapinhas na barriga, sons suaves e melodiosos e vozes humanas, principalmente dos pais, s\u00e3o agrad\u00e1veis \u200b\u200bpara o feto.<\/p>\n\n\n\n<p class=\"has-text-align-center\">Portanto, a estimula\u00e7\u00e3o pr\u00e9-natal consiste em um processo de ensino-aprendizagem que se inicia durante a&nbsp;<strong>gesta\u00e7\u00e3o da crian\u00e7a<\/strong>&nbsp;:<\/p>\n\n\n\n<p class=\"has-text-align-center\"><em>A ideia principal dessa t\u00e9cnica \u00e9 que os pais estimulem o aprendizado e o potencial criativo de seus filhos antes mesmo de eles nascerem.&nbsp;Isso n\u00e3o \u00e9 feito apenas para aumentar o desempenho intelectual, mas<\/em>&nbsp;[\u00e9]&nbsp;<em>uma vis\u00e3o hol\u00edstica do ser humano.&nbsp;Bebes estimulados antes do nascimento tendem a apresentar maior desenvolvimento afetivo, social, visual, auditivo e motor.&nbsp;Sendo melhor seu coeficiente intelectual<\/em>&nbsp;(Armas, Maita y de la Calle, 2017).<\/p>\n\n\n\n<p class=\"has-text-align-center\">Outros estudos observaram que tipos de m\u00fasica deixam os beb\u00eas relaxados e que tipos de m\u00fasica os deixam mais nervosos.&nbsp;As melodias de&nbsp;<strong>Mozart e Vivaldi<\/strong>&nbsp;, entre outros m\u00fasicos, estabilizaram seus ritmos card\u00edacos, fazendo com que as crian\u00e7as parassem de chutar.<\/p>\n\n\n\n<p class=\"has-text-align-center\">No entanto, a m\u00fasica&nbsp;<em>rock<\/em>&nbsp;costumava incomodar a maioria das crian\u00e7as, que chutavam violentamente a barriga da m\u00e3e ao ouvir essas melodias.<\/p>\n\n\n\n<p class=\"has-text-align-center\">Portanto, destaca a import\u00e2ncia de ouvir desde muito cedo, ali\u00e1s, antes mesmo do nascimento:<\/p>\n\n\n\n<p class=\"has-text-align-center\"><em>A audi\u00e7\u00e3o \u00e9 o \u00fanico dos sentidos que n\u00e3o podemos reprimir, \u00e9 o primeiro que nos liga ao exterior captando sons externos, a ponto de nos tornar capazes de aceitar ou rejeitar sons diversos.&nbsp;Por isso, a m\u00fasica \u00e9 uma excelente forma de comunica\u00e7\u00e3o entre m\u00e3e e filho<\/em>&nbsp;(Armas, Maita y de la Calle, 2017).<\/p>\n\n\n\n<p class=\"has-text-align-center\">Isso ocorre porque as pessoas recebem o som por meio de&nbsp;<strong>vibra\u00e7\u00f5es<\/strong>&nbsp;transmitidas pelo ar e por meio de frequ\u00eancias que o c\u00e9rebro decodifica.&nbsp;Portanto, o sistema auditivo funciona 24 horas por dia.&nbsp;Assim, a m\u00fasica que a m\u00e3e ouve, tamb\u00e9m ser\u00e1 percebida pelo filho.<\/p>\n\n\n\n<p class=\"has-text-align-center\">\u00c9 considerada, portanto, um meio&nbsp;<strong>de comunica\u00e7\u00e3o<\/strong>&nbsp;entre m\u00e3e e filho, uma vez que o beb\u00ea consegue ouvir a partir do quarto m\u00eas por meio do l\u00edquido amni\u00f3tico.&nbsp;Posteriormente, j\u00e1&nbsp; se pode detectar os sons;&nbsp;primeiro, os que est\u00e3o dentro da m\u00e3e e depois os sons que a rodeiam.<\/p>\n\n\n\n<p class=\"has-text-align-center\">Portanto, m\u00fasica e sons representam um novo canal de comunica\u00e7\u00e3o com m\u00faltiplos benef\u00edcios para as crian\u00e7as:<\/p>\n\n\n\n<p class=\"has-text-align-center\"><em>Todas as crian\u00e7as que antes e depois do nascimento costumavam viver na companhia da m\u00fasica, crescem e<\/em>&nbsp;[se&nbsp;<em>desenvolvem<\/em>&nbsp;]&nbsp;<em>com vantagens importantes: s\u00e3o mais calmas, soci\u00e1veis, curiosas e sens\u00edveis, dormem melhor, t\u00eam uma grande imagina\u00e7\u00e3o, criam uma especial facilidade para assimilar matem\u00e1tica e linguagem.&nbsp;<\/em><em>Come\u00e7am a caminhar com mais ritmo, suas primeiras palavras s\u00e3o mais fluidas e s\u00e3o acompanhadas por um tom musical<\/em>&nbsp;(Armas, Maita y de la Calle, 2017).<\/p>\n\n\n\n<p class=\"has-text-align-center\">Esse tipo de estimula\u00e7\u00e3o pr\u00e9-natal permite que a mulher e o beb\u00ea se conectem pela m\u00fasica.&nbsp;Al\u00e9m disso, a crian\u00e7a \u00e9 capaz de relacionar e associar aqueles est\u00edmulos que recebeu como sentimentos de seguran\u00e7a, confian\u00e7a, harmonia e prote\u00e7\u00e3o.<\/p>\n\n\n\n<p class=\"has-text-align-center\">\u00c9 por isso que uma m\u00e3e pode decidir realizar um parto com m\u00fasica, que serve como meio de comunica\u00e7\u00e3o entre os dois e \u00e9 capaz de acalmar o beb\u00ea na hora do parto.<\/p>\n\n\n\n<p class=\"has-text-align-center\">Portanto, a m\u00e3e tamb\u00e9m pode se submeter a um tratamento de musicoterapia para&nbsp;<strong>fortalecer o v\u00ednculo m\u00e3e-bebe&nbsp;<\/strong>.&nbsp;O profissional pode orientar a mulher no processo de estimula\u00e7\u00e3o pr\u00e9-natal para potencializar o desenvolvimento cognitivo e social da crian\u00e7a.<\/p>\n\n\n\n<p class=\"has-text-align-center\">A&nbsp;<strong>figura&nbsp;paterna<\/strong>&nbsp;tamb\u00e9m \u00e9 importante, ent\u00e3o o musicoterapeuta pode querer que ele participe das sess\u00f5es. De acordo com os docentes Segundo Armas, Rosa B. Maita e Luis de la Calle (2017),&nbsp;o pai deve colaborar \u201cativamente nesta inunda\u00e7\u00e3o emocional positiva, que ir\u00e1 gerar v\u00ednculos afetivos que permitam o fortalecimento [do] v\u00ednculo significativo da tr\u00edade familiar: M\u00e3e-Pai-Bebe\u201d .<\/p>\n\n\n\n<p class=\"has-text-align-center\">Os pais enviar\u00e3o uma mensagem sonora para a crian\u00e7a, em torno de 60 decib\u00e9is, embora chegue a cerca de 24 decib\u00e9is.O beb\u00ea identificar\u00e1 o som recebido por meio da coluna vertebral da m\u00e3e.<\/p>\n\n\n\n<p class=\"has-text-align-center\">Como mencionado acima, o feto tem mais facilidade de perceber os sons graves, ent\u00e3o a figura do pai \u00e9 fundamental, pois a crian\u00e7a vai perceber rapidamente.\u00a0Assim, os pais podem se comunicar por meio da fala, cantando ou tocando instrumentos.<\/p>\n\n\n\n<figure class=\"wp-block-image size-large\"><img loading=\"lazy\" decoding=\"async\" width=\"731\" height=\"1024\" src=\"https:\/\/musicoterapia.estudioprodusom.com\/wp-content\/uploads\/2022\/01\/Pre-natalidade-731x1024.jpg\" alt=\"\" class=\"wp-image-251\" srcset=\"https:\/\/musicoterapia.estudioprodusom.com\/wp-content\/uploads\/2022\/01\/Pre-natalidade-731x1024.jpg 731w, https:\/\/musicoterapia.estudioprodusom.com\/wp-content\/uploads\/2022\/01\/Pre-natalidade-214x300.jpg 214w, https:\/\/musicoterapia.estudioprodusom.com\/wp-content\/uploads\/2022\/01\/Pre-natalidade-768x1076.jpg 768w, https:\/\/musicoterapia.estudioprodusom.com\/wp-content\/uploads\/2022\/01\/Pre-natalidade-1097x1536.jpg 1097w, https:\/\/musicoterapia.estudioprodusom.com\/wp-content\/uploads\/2022\/01\/Pre-natalidade.jpg 1428w\" sizes=\"auto, (max-width: 731px) 100vw, 731px\" \/><\/figure>\n","protected":false},"excerpt":{"rendered":"<p>A&nbsp;estimula\u00e7\u00e3o pr\u00e9-natal&nbsp;corresponde a um processo de aprendizagem anterior ao nascimento da crian\u00e7a, em que seu desenvolvimento mental, emocional e sensorial \u00e9 estimulado por meio da m\u00fasica. V\u00e1rios estudos t\u00eam demonstrado que est\u00edmulos sonoros, como tapinhas na barriga, sons suaves e melodiosos e vozes humanas, principalmente dos pais, s\u00e3o agrad\u00e1veis \u200b\u200bpara o feto. Portanto, a estimula\u00e7\u00e3o [&hellip;]<\/p>\n","protected":false},"author":1,"featured_media":0,"parent":0,"menu_order":0,"comment_status":"closed","ping_status":"closed","template":"","meta":{"footnotes":""},"class_list":["post-19","page","type-page","status-publish","hentry"],"_links":{"self":[{"href":"https:\/\/musicoterapia.estudioprodusom.com\/index.php\/wp-json\/wp\/v2\/pages\/19","targetHints":{"allow":["GET"]}}],"collection":[{"href":"https:\/\/musicoterapia.estudioprodusom.com\/index.php\/wp-json\/wp\/v2\/pages"}],"about":[{"href":"https:\/\/musicoterapia.estudioprodusom.com\/index.php\/wp-json\/wp\/v2\/types\/page"}],"author":[{"embeddable":true,"href":"https:\/\/musicoterapia.estudioprodusom.com\/index.php\/wp-json\/wp\/v2\/users\/1"}],"replies":[{"embeddable":true,"href":"https:\/\/musicoterapia.estudioprodusom.com\/index.php\/wp-json\/wp\/v2\/comments?post=19"}],"version-history":[{"count":10,"href":"https:\/\/musicoterapia.estudioprodusom.com\/index.php\/wp-json\/wp\/v2\/pages\/19\/revisions"}],"predecessor-version":[{"id":254,"href":"https:\/\/musicoterapia.estudioprodusom.com\/index.php\/wp-json\/wp\/v2\/pages\/19\/revisions\/254"}],"wp:attachment":[{"href":"https:\/\/musicoterapia.estudioprodusom.com\/index.php\/wp-json\/wp\/v2\/media?parent=19"}],"curies":[{"name":"wp","href":"https:\/\/api.w.org\/{rel}","templated":true}]}}