{"id":2,"date":"2021-12-24T12:25:04","date_gmt":"2021-12-24T12:25:04","guid":{"rendered":"http:\/\/musicoterapia.estudioprodusom.com\/?page_id=2"},"modified":"2021-12-27T19:16:18","modified_gmt":"2021-12-27T19:16:18","slug":"introducao-a-musicoterapia","status":"publish","type":"page","link":"https:\/\/musicoterapia.estudioprodusom.com\/index.php\/introducao-a-musicoterapia\/","title":{"rendered":"Introdu\u00e7\u00e3o \u00e0 Musicoterapia"},"content":{"rendered":"\n<p class=\"has-text-align-left\"><strong>Musicoterapia<\/strong> \u00e9 uma pr\u00e1tica com m\u00fasica no contexto cl\u00ednico de tratamento, reabilita\u00e7\u00e3o ou preven\u00e7\u00e3o de sa\u00fade e bem-estar. Decorre num processo sistem\u00e1tico ao longo do tempo, efetuado entre um musicoterapeuta (profissional qualificado) e uma pessoa ou um grupo. Para recorrer \u00e0 musicoterapia n\u00e3o \u00e9 necess\u00e1ria forma\u00e7\u00e3o ou treino musical.<\/p>\n\n\n\n<p>O musicoterapeuta aplica t\u00e9cnicas, com base em evid\u00eancias cientificas, para atender a necessidades ( f\u00edsicas, emocionais, mentais ou sociais) e desenvolver fun\u00e7\u00f5es inerentes \u00e0 musicalidade da pessoa ou do grupo (como o relacionamento, a mobiliza\u00e7\u00e3o, o relaxamento, a express\u00e3o, a organiza\u00e7\u00e3o e a aprendizagem) para promover qualidade de vida.<\/p>\n\n\n\n<p>A musicoterapia \u00e9 internacionalmente reconhecida como uma atividade cl\u00ednica e regulamentada no \u00e2mbito das profiss\u00f5es da sa\u00fade. A investiga\u00e7\u00e3o, pr\u00e1tica cl\u00ednica, educa\u00e7\u00e3o e forma\u00e7\u00e3o cl\u00ednica est\u00e3o definidas por <em>standards<\/em> de entidades profissionais de acordo com contextos culturais, sociais e pol\u00edticos. Atualmente, existe um sistema de certifica\u00e7\u00e3o com emiss\u00e3o de licen\u00e7a profissional para musicoterapeutas no Reino Unido, na Noruega, na Austr\u00e1lia e nos EUA.<\/p>\n\n\n\n<div class=\"wp-block-image is-style-rounded\"><figure class=\"aligncenter size-large\"><img loading=\"lazy\" decoding=\"async\" width=\"731\" height=\"1024\" src=\"https:\/\/musicoterapia.estudioprodusom.com\/wp-content\/uploads\/2021\/12\/Introducao-a-Musicoterapia-731x1024.jpg\" alt=\"\" class=\"wp-image-158\" srcset=\"https:\/\/musicoterapia.estudioprodusom.com\/wp-content\/uploads\/2021\/12\/Introducao-a-Musicoterapia-731x1024.jpg 731w, https:\/\/musicoterapia.estudioprodusom.com\/wp-content\/uploads\/2021\/12\/Introducao-a-Musicoterapia-214x300.jpg 214w, https:\/\/musicoterapia.estudioprodusom.com\/wp-content\/uploads\/2021\/12\/Introducao-a-Musicoterapia-768x1076.jpg 768w, https:\/\/musicoterapia.estudioprodusom.com\/wp-content\/uploads\/2021\/12\/Introducao-a-Musicoterapia-1097x1536.jpg 1097w, https:\/\/musicoterapia.estudioprodusom.com\/wp-content\/uploads\/2021\/12\/Introducao-a-Musicoterapia.jpg 1428w\" sizes=\"auto, (max-width: 731px) 100vw, 731px\" \/><\/figure><\/div>\n","protected":false},"excerpt":{"rendered":"<p>Musicoterapia \u00e9 uma pr\u00e1tica com m\u00fasica no contexto cl\u00ednico de tratamento, reabilita\u00e7\u00e3o ou preven\u00e7\u00e3o de sa\u00fade e bem-estar. Decorre num processo sistem\u00e1tico ao longo do tempo, efetuado entre um musicoterapeuta (profissional qualificado) e uma pessoa ou um grupo. Para recorrer \u00e0 musicoterapia n\u00e3o \u00e9 necess\u00e1ria forma\u00e7\u00e3o ou treino musical. O musicoterapeuta aplica t\u00e9cnicas, com base [&hellip;]<\/p>\n","protected":false},"author":1,"featured_media":0,"parent":0,"menu_order":0,"comment_status":"closed","ping_status":"open","template":"","meta":{"footnotes":""},"class_list":["post-2","page","type-page","status-publish","hentry"],"_links":{"self":[{"href":"https:\/\/musicoterapia.estudioprodusom.com\/index.php\/wp-json\/wp\/v2\/pages\/2","targetHints":{"allow":["GET"]}}],"collection":[{"href":"https:\/\/musicoterapia.estudioprodusom.com\/index.php\/wp-json\/wp\/v2\/pages"}],"about":[{"href":"https:\/\/musicoterapia.estudioprodusom.com\/index.php\/wp-json\/wp\/v2\/types\/page"}],"author":[{"embeddable":true,"href":"https:\/\/musicoterapia.estudioprodusom.com\/index.php\/wp-json\/wp\/v2\/users\/1"}],"replies":[{"embeddable":true,"href":"https:\/\/musicoterapia.estudioprodusom.com\/index.php\/wp-json\/wp\/v2\/comments?post=2"}],"version-history":[{"count":5,"href":"https:\/\/musicoterapia.estudioprodusom.com\/index.php\/wp-json\/wp\/v2\/pages\/2\/revisions"}],"predecessor-version":[{"id":159,"href":"https:\/\/musicoterapia.estudioprodusom.com\/index.php\/wp-json\/wp\/v2\/pages\/2\/revisions\/159"}],"wp:attachment":[{"href":"https:\/\/musicoterapia.estudioprodusom.com\/index.php\/wp-json\/wp\/v2\/media?parent=2"}],"curies":[{"name":"wp","href":"https:\/\/api.w.org\/{rel}","templated":true}]}}