{"id":22,"date":"2021-12-27T10:56:22","date_gmt":"2021-12-27T10:56:22","guid":{"rendered":"https:\/\/musicoterapia.estudioprodusom.com\/?page_id=22"},"modified":"2022-01-03T11:26:46","modified_gmt":"2022-01-03T11:26:46","slug":"creches-infantarios","status":"publish","type":"page","link":"https:\/\/musicoterapia.estudioprodusom.com\/index.php\/creches-infantarios\/","title":{"rendered":"Creches\/Infant\u00e1rios"},"content":{"rendered":"\n<p>A m\u00fasica \u00e9 uma mais-valia na forma\u00e7\u00e3o da pessoa quer a n\u00edvel emocional, f\u00edsico, comportamental, intelectual, est\u00e9tico e psicol\u00f3gico. Ao n\u00edvel do desenvolvimento de compet\u00eancias cognitivas a m\u00fasica ajuda na cria\u00e7\u00e3o de ferramentas para o c\u00e1lculo mental, a mem\u00f3ria, a concentra\u00e7\u00e3o, os conceitos abstratos, a disciplina, a intera\u00e7\u00e3o social, a aprendizagem cultural de costumes e tradi\u00e7\u00f5es e a interculturalidade.<\/p>\n\n\n\n<figure class=\"wp-block-image size-large is-style-rounded\"><img loading=\"lazy\" decoding=\"async\" width=\"1024\" height=\"1024\" src=\"https:\/\/musicoterapia.estudioprodusom.com\/wp-content\/uploads\/2021\/12\/Musicoterapia-Creches-1024x1024.jpg\" alt=\"\" class=\"wp-image-192\" srcset=\"https:\/\/musicoterapia.estudioprodusom.com\/wp-content\/uploads\/2021\/12\/Musicoterapia-Creches-1024x1024.jpg 1024w, https:\/\/musicoterapia.estudioprodusom.com\/wp-content\/uploads\/2021\/12\/Musicoterapia-Creches-300x300.jpg 300w, https:\/\/musicoterapia.estudioprodusom.com\/wp-content\/uploads\/2021\/12\/Musicoterapia-Creches-150x150.jpg 150w, https:\/\/musicoterapia.estudioprodusom.com\/wp-content\/uploads\/2021\/12\/Musicoterapia-Creches-768x768.jpg 768w, https:\/\/musicoterapia.estudioprodusom.com\/wp-content\/uploads\/2021\/12\/Musicoterapia-Creches-70x70.jpg 70w, https:\/\/musicoterapia.estudioprodusom.com\/wp-content\/uploads\/2021\/12\/Musicoterapia-Creches-127x127.jpg 127w, https:\/\/musicoterapia.estudioprodusom.com\/wp-content\/uploads\/2021\/12\/Musicoterapia-Creches-476x476.jpg 476w, https:\/\/musicoterapia.estudioprodusom.com\/wp-content\/uploads\/2021\/12\/Musicoterapia-Creches-125x125.jpg 125w, https:\/\/musicoterapia.estudioprodusom.com\/wp-content\/uploads\/2021\/12\/Musicoterapia-Creches.jpg 1080w\" sizes=\"auto, (max-width: 1024px) 100vw, 1024px\" \/><\/figure>\n\n\n\n<p>A m\u00fasica \u00e9 considerada a linguagem universal, um meio de comunica\u00e7\u00e3o em todo o mundo e \u00a0entre todas as pessoas. Mas nada \u00e9 t\u00e3o importante como o papel que desempenha no \u00a0desenvolvimento do ser humano\u2026<br>Desde o nascimento, que os pais instintivamente se ligam aos filhos atrav\u00e9s da m\u00fasica: \u00a0adormecem e acalmam as crian\u00e7as com can\u00e7\u00f5es de embalar, brincam e interagem com can\u00e7\u00f5es e rimas divertidas. No entanto, se os pais souberem o impacto da m\u00fasica no desenvolvimento psicol\u00f3gico dos seus filhos, poder\u00e3o estar mais atentos e trazer mais activamente a M\u00fasica para o seu dia-a-dia.<br>Quando \u00e9 que a crian\u00e7a come\u00e7a a ouvir?<br>A audi\u00e7\u00e3o \u00e9 um dos primeiros sentidos a desenvolver-se: o beb\u00e9 come\u00e7a a ouvir por volta dos 5 meses, na barriga da m\u00e3e. Nessa altura, a m\u00e3e poder\u00e1 come\u00e7ar a ouvir m\u00fasica cl\u00e1ssica ou relaxante e tamb\u00e9m cantar para o seu beb\u00e9, de forma a que ele reconhe\u00e7a a sua voz e as m\u00fasicas que o v\u00e3o embalar mais tarde.<br>Quais os benef\u00edcios da m\u00fasica para o desenvolvimento da crian\u00e7a?<br>Diversos cientistas, investigadores, neurologistas e psic\u00f3logos t\u00eam-se debru\u00e7ado sobre o papel da m\u00fasica no desenvolvimento da crian\u00e7a a v\u00e1rios n\u00edveis.<\/p>\n\n\n\n<p>Ao n\u00edvel fisiol\u00f3gico, produz mudan\u00e7as no ritmo card\u00edaco e respirat\u00f3rio, assim como na tens\u00e3o muscular.  Ao n\u00edvel cerebral e do desenvolvimento neurol\u00f3gico, as recentes investiga\u00e7\u00f5es sugerem que a m\u00fasica expande os canais neuronais e potencia a liga\u00e7\u00e3o entre os dois hemisf\u00e9rios cerebrais. <\/p>\n\n\n\n<p>Na comunica\u00e7\u00e3o; estimula a express\u00e3o dos problemas e dificuldades sentidas.<\/p>\n\n\n\n<p>Ao n\u00edvel afetivo; favorece o desenvolvimento emocional e afetivo.<\/p>\n\n\n\n<p>Na motricidade; estimula a atividade e a coordena\u00e7\u00e3o motora.<\/p>\n\n\n\n<p>Na esfera social; fomenta a inter-rela\u00e7\u00e3o social.<\/p>\n\n\n\n<p>Nas pr\u00e1ticas educativas, ajuda na forma\u00e7\u00e3o, desenvolvimento pessoal e na supera\u00e7\u00e3o das dificuldades de aprendizagem, promove a capacidade comunicativa.<\/p>\n\n\n\n<p>Na a\u00e7\u00e3o terap\u00eautica, auxilia na resolu\u00e7\u00e3o de problemas psicol\u00f3gicos e a alterar comportamentos pr\u00e9 -estabelecidos.<\/p>\n\n\n\n<p>Por vezes, uma dificuldade que encontra solu\u00e7\u00e3o na Musicoterapia, evita futuros problemas no desenvolvimento tanto da crian\u00e7a e consequentemente no adulto.<\/p>\n\n\n\n<p><\/p>\n\n\n\n<p><br><strong><br><\/strong><\/p>\n\n\n\n<figure class=\"wp-block-image size-large is-style-rounded\"><img loading=\"lazy\" decoding=\"async\" width=\"1024\" height=\"1024\" src=\"https:\/\/musicoterapia.estudioprodusom.com\/wp-content\/uploads\/2021\/12\/Musicoterapia-Creches-e-infantarios-1024x1024.jpg\" alt=\"\" class=\"wp-image-196\" srcset=\"https:\/\/musicoterapia.estudioprodusom.com\/wp-content\/uploads\/2021\/12\/Musicoterapia-Creches-e-infantarios-1024x1024.jpg 1024w, https:\/\/musicoterapia.estudioprodusom.com\/wp-content\/uploads\/2021\/12\/Musicoterapia-Creches-e-infantarios-300x300.jpg 300w, https:\/\/musicoterapia.estudioprodusom.com\/wp-content\/uploads\/2021\/12\/Musicoterapia-Creches-e-infantarios-150x150.jpg 150w, https:\/\/musicoterapia.estudioprodusom.com\/wp-content\/uploads\/2021\/12\/Musicoterapia-Creches-e-infantarios-768x768.jpg 768w, https:\/\/musicoterapia.estudioprodusom.com\/wp-content\/uploads\/2021\/12\/Musicoterapia-Creches-e-infantarios-70x70.jpg 70w, https:\/\/musicoterapia.estudioprodusom.com\/wp-content\/uploads\/2021\/12\/Musicoterapia-Creches-e-infantarios-127x127.jpg 127w, https:\/\/musicoterapia.estudioprodusom.com\/wp-content\/uploads\/2021\/12\/Musicoterapia-Creches-e-infantarios-476x476.jpg 476w, https:\/\/musicoterapia.estudioprodusom.com\/wp-content\/uploads\/2021\/12\/Musicoterapia-Creches-e-infantarios-125x125.jpg 125w, https:\/\/musicoterapia.estudioprodusom.com\/wp-content\/uploads\/2021\/12\/Musicoterapia-Creches-e-infantarios.jpg 1080w\" sizes=\"auto, (max-width: 1024px) 100vw, 1024px\" \/><\/figure>\n","protected":false},"excerpt":{"rendered":"<p>A m\u00fasica \u00e9 uma mais-valia na forma\u00e7\u00e3o da pessoa quer a n\u00edvel emocional, f\u00edsico, comportamental, intelectual, est\u00e9tico e psicol\u00f3gico. Ao n\u00edvel do desenvolvimento de compet\u00eancias cognitivas a m\u00fasica ajuda na cria\u00e7\u00e3o de ferramentas para o c\u00e1lculo mental, a mem\u00f3ria, a concentra\u00e7\u00e3o, os conceitos abstratos, a disciplina, a intera\u00e7\u00e3o social, a aprendizagem cultural de costumes e [&hellip;]<\/p>\n","protected":false},"author":1,"featured_media":0,"parent":0,"menu_order":0,"comment_status":"closed","ping_status":"closed","template":"","meta":{"footnotes":""},"class_list":["post-22","page","type-page","status-publish","hentry"],"_links":{"self":[{"href":"https:\/\/musicoterapia.estudioprodusom.com\/index.php\/wp-json\/wp\/v2\/pages\/22","targetHints":{"allow":["GET"]}}],"collection":[{"href":"https:\/\/musicoterapia.estudioprodusom.com\/index.php\/wp-json\/wp\/v2\/pages"}],"about":[{"href":"https:\/\/musicoterapia.estudioprodusom.com\/index.php\/wp-json\/wp\/v2\/types\/page"}],"author":[{"embeddable":true,"href":"https:\/\/musicoterapia.estudioprodusom.com\/index.php\/wp-json\/wp\/v2\/users\/1"}],"replies":[{"embeddable":true,"href":"https:\/\/musicoterapia.estudioprodusom.com\/index.php\/wp-json\/wp\/v2\/comments?post=22"}],"version-history":[{"count":8,"href":"https:\/\/musicoterapia.estudioprodusom.com\/index.php\/wp-json\/wp\/v2\/pages\/22\/revisions"}],"predecessor-version":[{"id":214,"href":"https:\/\/musicoterapia.estudioprodusom.com\/index.php\/wp-json\/wp\/v2\/pages\/22\/revisions\/214"}],"wp:attachment":[{"href":"https:\/\/musicoterapia.estudioprodusom.com\/index.php\/wp-json\/wp\/v2\/media?parent=22"}],"curies":[{"name":"wp","href":"https:\/\/api.w.org\/{rel}","templated":true}]}}