{"id":24,"date":"2021-12-27T10:56:46","date_gmt":"2021-12-27T10:56:46","guid":{"rendered":"https:\/\/musicoterapia.estudioprodusom.com\/?page_id=24"},"modified":"2022-02-07T10:15:08","modified_gmt":"2022-02-07T10:15:08","slug":"escolas-123o-ciclos","status":"publish","type":"page","link":"https:\/\/musicoterapia.estudioprodusom.com\/index.php\/escolas-123o-ciclos\/","title":{"rendered":"Escolas 1,2,3\u00ba Ciclos"},"content":{"rendered":"\n<p>A capacidade auditiva \u00e9 uma habilidade de desenvolvimento humano fundamental. Encontra se de entre os cinco sentidos e sistemas de representa\u00e7\u00e3o do mundo. <\/p>\n\n\n\n<p>V\u00e1rios s\u00e3o os est\u00edmulos a que desde cedo estamos sujeitos e que constituem as experi\u00eancias respons\u00e1veis pelo sistema de aprendizagem.<\/p>\n\n\n\n<p>A introdu\u00e7\u00e3o do som com objectivo l\u00fadico, educativo ou terap\u00eautico tem um impacto muito positivo na educa\u00e7\u00e3o dos mais novos.<\/p>\n\n\n\n<p>O contacto com o som e o uso que dele se faz, constitui numa ferramenta poderosa quando o objectivo \u00e9 o investimento no desenvolvimento pessoal e auto-conhecimento.<\/p>\n\n\n\n<p>Desta forma uma comunica\u00e7\u00e3o eficaz encontra se intimamente ligada \u00e1 capacidade de escuta.<\/p>\n\n\n\n<p>O simples ato de saber escutar e n\u00e3o somente ouvir, desencadeia no ser humano diferentes estados de \u00e2nimo que poder\u00e3o desde cedo constituir ferramentas na procura de uma melhor vers\u00e3o de si mesmo <\/p>\n\n\n\n<p>Usar o Som a nosso favor significa  usufruir da capacidade de  percepcionar o mundo. Acredita-se que essa habilidade foi desenvolvida em nossa esp\u00e9cie como um subproduto da linguagem. No entanto, tamb\u00e9m sabemos que temos contacto com o som ritmado desde muito muito cedo, com as batidas do cora\u00e7\u00e3o da nossa m\u00e3e quando ainda estamos no \u00fatero.<\/p>\n\n\n\n<p>&nbsp;Para aproveitar as capacidades do som e da m\u00fasica, \u00e9 preciso entend\u00ea-los como elementos capazes de estimular a imagina\u00e7\u00e3o, a emo\u00e7\u00e3o e a mem\u00f3ria.<\/p>\n","protected":false},"excerpt":{"rendered":"<p>A capacidade auditiva \u00e9 uma habilidade de desenvolvimento humano fundamental. Encontra se de entre os cinco sentidos e sistemas de representa\u00e7\u00e3o do mundo. V\u00e1rios s\u00e3o os est\u00edmulos a que desde cedo estamos sujeitos e que constituem as experi\u00eancias respons\u00e1veis pelo sistema de aprendizagem. A introdu\u00e7\u00e3o do som com objectivo l\u00fadico, educativo ou terap\u00eautico tem um [&hellip;]<\/p>\n","protected":false},"author":1,"featured_media":0,"parent":0,"menu_order":0,"comment_status":"closed","ping_status":"closed","template":"","meta":{"footnotes":""},"class_list":["post-24","page","type-page","status-publish","hentry"],"_links":{"self":[{"href":"https:\/\/musicoterapia.estudioprodusom.com\/index.php\/wp-json\/wp\/v2\/pages\/24","targetHints":{"allow":["GET"]}}],"collection":[{"href":"https:\/\/musicoterapia.estudioprodusom.com\/index.php\/wp-json\/wp\/v2\/pages"}],"about":[{"href":"https:\/\/musicoterapia.estudioprodusom.com\/index.php\/wp-json\/wp\/v2\/types\/page"}],"author":[{"embeddable":true,"href":"https:\/\/musicoterapia.estudioprodusom.com\/index.php\/wp-json\/wp\/v2\/users\/1"}],"replies":[{"embeddable":true,"href":"https:\/\/musicoterapia.estudioprodusom.com\/index.php\/wp-json\/wp\/v2\/comments?post=24"}],"version-history":[{"count":7,"href":"https:\/\/musicoterapia.estudioprodusom.com\/index.php\/wp-json\/wp\/v2\/pages\/24\/revisions"}],"predecessor-version":[{"id":312,"href":"https:\/\/musicoterapia.estudioprodusom.com\/index.php\/wp-json\/wp\/v2\/pages\/24\/revisions\/312"}],"wp:attachment":[{"href":"https:\/\/musicoterapia.estudioprodusom.com\/index.php\/wp-json\/wp\/v2\/media?parent=24"}],"curies":[{"name":"wp","href":"https:\/\/api.w.org\/{rel}","templated":true}]}}