{"id":26,"date":"2021-12-27T10:57:56","date_gmt":"2021-12-27T10:57:56","guid":{"rendered":"https:\/\/musicoterapia.estudioprodusom.com\/?page_id=26"},"modified":"2022-01-03T11:56:51","modified_gmt":"2022-01-03T11:56:51","slug":"workshops-inf-juv","status":"publish","type":"page","link":"https:\/\/musicoterapia.estudioprodusom.com\/index.php\/workshops-inf-juv\/","title":{"rendered":"Workshops\/Inf-Juv"},"content":{"rendered":"\n<p>Vasta \u00e9 a aplicabilidade da musicoterapia nas diferentes faixas et\u00e1rias. Contudo nos primeiros anos de aprendizagem e de intera\u00e7\u00e3o com o mundo os benef\u00edcios s\u00e3o exponencialmente maiores pois estamos perante a forma\u00e7\u00e3o de personalidades cujos tra\u00e7os ser\u00e3o marcadamente manifestos no adulto.<\/p>\n\n\n\n<p>Crian\u00e7as cujo percurso desenvolvimental \u00e9 pautado por serenidade, estimula\u00e7\u00e3o positiva, sentimentos de seguran\u00e7a para Ser ir\u00e3o criar rela\u00e7\u00f5es est\u00e1veis e equilibradas com tudo o que as rodeia. Na medida em que o seu mundo interno tem a capacidade de educar a vis\u00e3o que t\u00eam do mundo externo.<\/p>\n\n\n\n<p>Nesta perspetiva atrav\u00e9s do contributo da musicoterapia e da introdu\u00e7\u00e3o de pr\u00e1ticas meditativas nesta fase ir\u00e1 estimular a crian\u00e7a a explorar o seu mundo interno, a sua individualidade, aumentando desta forma o sentimento de seguran\u00e7a, autoestima e autoconceito. Dimens\u00f5es base no seu desenvolvimento Emocional e psicol\u00f3gico.<\/p>\n\n\n\n<p>Medita\u00e7\u00e3o 1, 2, 3\u00ba ciclos<\/p>\n\n\n\n<p>Medita\u00e7\u00e3o Guiada consci\u00eancia corporal\/retorno \u00e1 paz\/ autocontrolo comportamental<\/p>\n\n\n\n<p>Workshops<\/p>\n\n\n\n<p>Cl\u00ednica dos sons- Experienciar os diferentes sons<\/p>\n\n\n\n<p>Express\u00e3o de emo\u00e7\u00f5es- manifestar o sentir<\/p>\n\n\n\n<p>Manifestar a criatividade- desenvolvimento de melodias<\/p>\n","protected":false},"excerpt":{"rendered":"<p>Vasta \u00e9 a aplicabilidade da musicoterapia nas diferentes faixas et\u00e1rias. Contudo nos primeiros anos de aprendizagem e de intera\u00e7\u00e3o com o mundo os benef\u00edcios s\u00e3o exponencialmente maiores pois estamos perante a forma\u00e7\u00e3o de personalidades cujos tra\u00e7os ser\u00e3o marcadamente manifestos no adulto. Crian\u00e7as cujo percurso desenvolvimental \u00e9 pautado por serenidade, estimula\u00e7\u00e3o positiva, sentimentos de seguran\u00e7a para [&hellip;]<\/p>\n","protected":false},"author":1,"featured_media":0,"parent":0,"menu_order":0,"comment_status":"closed","ping_status":"closed","template":"","meta":{"footnotes":""},"class_list":["post-26","page","type-page","status-publish","hentry"],"_links":{"self":[{"href":"https:\/\/musicoterapia.estudioprodusom.com\/index.php\/wp-json\/wp\/v2\/pages\/26","targetHints":{"allow":["GET"]}}],"collection":[{"href":"https:\/\/musicoterapia.estudioprodusom.com\/index.php\/wp-json\/wp\/v2\/pages"}],"about":[{"href":"https:\/\/musicoterapia.estudioprodusom.com\/index.php\/wp-json\/wp\/v2\/types\/page"}],"author":[{"embeddable":true,"href":"https:\/\/musicoterapia.estudioprodusom.com\/index.php\/wp-json\/wp\/v2\/users\/1"}],"replies":[{"embeddable":true,"href":"https:\/\/musicoterapia.estudioprodusom.com\/index.php\/wp-json\/wp\/v2\/comments?post=26"}],"version-history":[{"count":4,"href":"https:\/\/musicoterapia.estudioprodusom.com\/index.php\/wp-json\/wp\/v2\/pages\/26\/revisions"}],"predecessor-version":[{"id":220,"href":"https:\/\/musicoterapia.estudioprodusom.com\/index.php\/wp-json\/wp\/v2\/pages\/26\/revisions\/220"}],"wp:attachment":[{"href":"https:\/\/musicoterapia.estudioprodusom.com\/index.php\/wp-json\/wp\/v2\/media?parent=26"}],"curies":[{"name":"wp","href":"https:\/\/api.w.org\/{rel}","templated":true}]}}