{"id":59,"date":"2021-12-27T11:43:20","date_gmt":"2021-12-27T11:43:20","guid":{"rendered":"https:\/\/musicoterapia.estudioprodusom.com\/?page_id=59"},"modified":"2022-02-07T10:45:11","modified_gmt":"2022-02-07T10:45:11","slug":"centros-de-dia","status":"publish","type":"page","link":"https:\/\/musicoterapia.estudioprodusom.com\/index.php\/centros-de-dia\/","title":{"rendered":"Centros de Dia"},"content":{"rendered":"\n<p class=\"has-text-align-center\"><\/p>\n\n\n\n<p>Para ser saud\u00e1vel e envelhecer sem ficar &#8220;velho&#8221;, \u00e9 necess\u00e1rio respeitar o equil\u00edbrio integrativo do Ser humano.<\/p>\n\n\n\n<div class=\"wp-block-image\"><figure class=\"aligncenter size-large\"><img loading=\"lazy\" decoding=\"async\" width=\"731\" height=\"1024\" src=\"https:\/\/musicoterapia.estudioprodusom.com\/wp-content\/uploads\/2021\/12\/Idosos-geriatria-1-731x1024.jpg\" alt=\"\" class=\"wp-image-134\" srcset=\"https:\/\/musicoterapia.estudioprodusom.com\/wp-content\/uploads\/2021\/12\/Idosos-geriatria-1-731x1024.jpg 731w, https:\/\/musicoterapia.estudioprodusom.com\/wp-content\/uploads\/2021\/12\/Idosos-geriatria-1-214x300.jpg 214w, https:\/\/musicoterapia.estudioprodusom.com\/wp-content\/uploads\/2021\/12\/Idosos-geriatria-1-768x1076.jpg 768w, https:\/\/musicoterapia.estudioprodusom.com\/wp-content\/uploads\/2021\/12\/Idosos-geriatria-1-1097x1536.jpg 1097w, https:\/\/musicoterapia.estudioprodusom.com\/wp-content\/uploads\/2021\/12\/Idosos-geriatria-1.jpg 1428w\" sizes=\"auto, (max-width: 731px) 100vw, 731px\" \/><\/figure><\/div>\n\n\n\n<p class=\"has-text-align-center\">O envelhecimento \u00e9 uma fase em que uma s\u00e9rie de mudan\u00e7as s\u00e3o feitas em diferentes n\u00edveis, como f\u00edsico, biol\u00f3gico, psicol\u00f3gico, social e espiritual.&nbsp;Portanto, \u00e9 especialmente importante trabalhar esses aspectos para que o&nbsp;<strong>envelhecimento seja progressivo<\/strong> e equilibrado.<\/p>\n\n\n\n<p class=\"has-text-align-center\">A<strong> musicoterapia<\/strong> pode ser \u00fatil em tais circunst\u00e2ncias porque oferece potencial para idosos em situa\u00e7\u00f5es de dem\u00eancia.\u00a0Portanto, o principal objetivo \u00e9 melhorar sua qualidade de vida por meio da preven\u00e7\u00e3o, reabilita\u00e7\u00e3o e tratamento.<\/p>\n\n\n\n<p class=\"has-text-align-center\">Assim, a musicoterapia tamb\u00e9m serve a essas pessoas como atividade l\u00fadica, recreativa e, sobre todo, como explicam os professores Manuel Sequera, Carmen Miranda, Cristina Masseg\u00fa e os geriatras Carmen Pablos e Alfonso Gonz\u00e1lez (2015), como uma \u201cferramenta fundamental dentro de um tratamento realizado por um profissional (musicoterapeuta), que atua em aspectos f\u00edsicos, psicol\u00f3gicos, cognitivos ou sociais espec\u00edficos\u201d:<\/p>\n\n\n\n<p class=\"has-text-align-center\"><em>\u00c9 muito gratificante para quem se dedica \u00e0 <strong>preven\u00e7\u00e3o, promo\u00e7\u00e3o e recupera\u00e7\u00e3o <\/strong>da sa\u00fade dessas pessoas \u2013 outrora consideradas incur\u00e1veis \u200b\u200b- valorizar a sua reabilita\u00e7\u00e3o f\u00edsica e mental e a sua reintegra\u00e7\u00e3o na sociedade.&nbsp;Essa experi\u00eancia \u00e9 extremamente satisfat\u00f3ria quando os idosos evocam experi\u00eancias de sua inf\u00e2ncia e juventude por meio da m\u00fasica;&nbsp;deixa de lado suas dores, medos e frustra\u00e7\u00f5es;&nbsp;promove seu relacionamento interpessoal;&nbsp;reduz ou alivia suas ansiedades e estados depressivos e, acima de tudo, descobre os benef\u00edcios que ter atingido a terceira idade lhes proporciona<\/em>&nbsp;(Oliva e Fern\u00e1ndez, 2003).<\/p>\n\n\n\n<p>Destacam-se os&nbsp;seguintes&nbsp;<strong>benef\u00edcios da musicoterapia<\/strong>&nbsp;nos idosos (ISES, sd):<\/p>\n\n\n\n<ul class=\"wp-block-list\"><li><strong>Benef\u00edcios cognitivos.<\/strong><ul><li><strong>Ativa\u00e7\u00e3o de mem\u00f3ria.&nbsp;<\/strong>A m\u00fasica aviva as mem\u00f3rias passadas, facilitando a estimula\u00e7\u00e3o da mem\u00f3ria.<\/li><li><strong>Aprimoramento da linguagem.&nbsp;<\/strong>Refor\u00e7a e trabalha as habilidades verbais e de linguagem, que tamb\u00e9m s\u00e3o afetadas na velhice, al\u00e9m de favorecer respostas espont\u00e2neas.<\/li><li><strong>Maior concentra\u00e7\u00e3o.&nbsp;<\/strong>A concentra\u00e7\u00e3o e a aten\u00e7\u00e3o aumentam, pois as pessoas devem estar atentas ao ritmo da m\u00fasica.<\/li><\/ul><\/li><li><strong>Benef\u00edcios a n\u00edvel social.<\/strong><ul><li><strong>Preven\u00e7\u00e3o do isolamento.&nbsp;<\/strong>Realizar a sess\u00e3o em grupo \u00e9 interessante porque estimula a socializa\u00e7\u00e3o e evita situa\u00e7\u00f5es de isolamento, por isso tamb\u00e9m melhora a comunica\u00e7\u00e3o social.<\/li><li><strong>Refor\u00e7o de habilidades sociais.&nbsp;<\/strong>O ato de socializar facilita uma melhoria nas habilidades de comunica\u00e7\u00e3o e no relacionamento com outros iguais.<\/li><li><strong>Estimula\u00e7\u00e3o de um estado de esp\u00edrito positivo.&nbsp;<\/strong>As rela\u00e7\u00f5es sociais refor\u00e7am o humor positivo, afastando as depress\u00f5es.<\/li><li><strong>Aumento da auto-estima.&nbsp;<\/strong>A possibilidade de poder se comunicar com outras pessoas e realizar atividades musicais faz com que o paciente se sinta melhor, aumentando sua autoestima.<\/li><\/ul><\/li><li><strong>Benef\u00edcios f\u00edsicos.<\/strong><ul><li><strong>Redu\u00e7\u00e3o de ansiedade.&nbsp;<\/strong>A m\u00fasica os relaxa e ajuda a reduzir estados de ansiedade, agita\u00e7\u00e3o ou nervosismo.<\/li><li><strong>Relaxamento dos m\u00fasculos.&nbsp;<\/strong>Os m\u00fasculos tamb\u00e9m relaxam, o que facilita e melhora os movimentos articulares.<\/li><li><strong>Progresso da express\u00e3o corporal.&nbsp;<\/strong>Eles t\u00eam mais confian\u00e7a em si mesmos e agem com maior flu\u00eancia na express\u00e3o corporal.<\/li><li><strong>Agu\u00e7amento dos sentidos.&nbsp;<\/strong>O afiamento do ouvido \u00e9 trabalhado, em particular, embora esta terapia tamb\u00e9m tenha um impacto positivo na vis\u00e3o, no tato e at\u00e9 no paladar.<\/li><\/ul><\/li><\/ul>\n","protected":false},"excerpt":{"rendered":"<p>Para ser saud\u00e1vel e envelhecer sem ficar &#8220;velho&#8221;, \u00e9 necess\u00e1rio respeitar o equil\u00edbrio integrativo do Ser humano. O envelhecimento \u00e9 uma fase em que uma s\u00e9rie de mudan\u00e7as s\u00e3o feitas em diferentes n\u00edveis, como f\u00edsico, biol\u00f3gico, psicol\u00f3gico, social e espiritual.&nbsp;Portanto, \u00e9 especialmente importante trabalhar esses aspectos para que o&nbsp;envelhecimento seja progressivo e equilibrado. A musicoterapia [&hellip;]<\/p>\n","protected":false},"author":1,"featured_media":0,"parent":0,"menu_order":0,"comment_status":"closed","ping_status":"closed","template":"","meta":{"footnotes":""},"class_list":["post-59","page","type-page","status-publish","hentry"],"_links":{"self":[{"href":"https:\/\/musicoterapia.estudioprodusom.com\/index.php\/wp-json\/wp\/v2\/pages\/59","targetHints":{"allow":["GET"]}}],"collection":[{"href":"https:\/\/musicoterapia.estudioprodusom.com\/index.php\/wp-json\/wp\/v2\/pages"}],"about":[{"href":"https:\/\/musicoterapia.estudioprodusom.com\/index.php\/wp-json\/wp\/v2\/types\/page"}],"author":[{"embeddable":true,"href":"https:\/\/musicoterapia.estudioprodusom.com\/index.php\/wp-json\/wp\/v2\/users\/1"}],"replies":[{"embeddable":true,"href":"https:\/\/musicoterapia.estudioprodusom.com\/index.php\/wp-json\/wp\/v2\/comments?post=59"}],"version-history":[{"count":6,"href":"https:\/\/musicoterapia.estudioprodusom.com\/index.php\/wp-json\/wp\/v2\/pages\/59\/revisions"}],"predecessor-version":[{"id":328,"href":"https:\/\/musicoterapia.estudioprodusom.com\/index.php\/wp-json\/wp\/v2\/pages\/59\/revisions\/328"}],"wp:attachment":[{"href":"https:\/\/musicoterapia.estudioprodusom.com\/index.php\/wp-json\/wp\/v2\/media?parent=59"}],"curies":[{"name":"wp","href":"https:\/\/api.w.org\/{rel}","templated":true}]}}