{"id":61,"date":"2021-12-27T11:43:44","date_gmt":"2021-12-27T11:43:44","guid":{"rendered":"https:\/\/musicoterapia.estudioprodusom.com\/?page_id=61"},"modified":"2022-01-13T11:56:19","modified_gmt":"2022-01-13T11:56:19","slug":"universidades-senior","status":"publish","type":"page","link":"https:\/\/musicoterapia.estudioprodusom.com\/index.php\/universidades-senior\/","title":{"rendered":"Universidades S\u00e9nior"},"content":{"rendered":"\n<figure class=\"wp-block-image size-large is-style-rounded\"><img loading=\"lazy\" decoding=\"async\" width=\"1024\" height=\"1024\" src=\"https:\/\/musicoterapia.estudioprodusom.com\/wp-content\/uploads\/2021\/12\/Musicoterapia-Universidade-Se\u0301-1024x1024.jpg\" alt=\"\" class=\"wp-image-163\" srcset=\"https:\/\/musicoterapia.estudioprodusom.com\/wp-content\/uploads\/2021\/12\/Musicoterapia-Universidade-Se\u0301-1024x1024.jpg 1024w, https:\/\/musicoterapia.estudioprodusom.com\/wp-content\/uploads\/2021\/12\/Musicoterapia-Universidade-Se\u0301-300x300.jpg 300w, https:\/\/musicoterapia.estudioprodusom.com\/wp-content\/uploads\/2021\/12\/Musicoterapia-Universidade-Se\u0301-150x150.jpg 150w, https:\/\/musicoterapia.estudioprodusom.com\/wp-content\/uploads\/2021\/12\/Musicoterapia-Universidade-Se\u0301-768x768.jpg 768w, https:\/\/musicoterapia.estudioprodusom.com\/wp-content\/uploads\/2021\/12\/Musicoterapia-Universidade-Se\u0301-70x70.jpg 70w, https:\/\/musicoterapia.estudioprodusom.com\/wp-content\/uploads\/2021\/12\/Musicoterapia-Universidade-Se\u0301-127x127.jpg 127w, https:\/\/musicoterapia.estudioprodusom.com\/wp-content\/uploads\/2021\/12\/Musicoterapia-Universidade-Se\u0301-476x476.jpg 476w, https:\/\/musicoterapia.estudioprodusom.com\/wp-content\/uploads\/2021\/12\/Musicoterapia-Universidade-Se\u0301-125x125.jpg 125w, https:\/\/musicoterapia.estudioprodusom.com\/wp-content\/uploads\/2021\/12\/Musicoterapia-Universidade-Se\u0301.jpg 1080w\" sizes=\"auto, (max-width: 1024px) 100vw, 1024px\" \/><\/figure>\n\n\n\n<p>A introdu\u00e7\u00e3o da Musicoterapia nas Universidades S\u00e9nior, constitui uma mais valia no aquisi\u00e7\u00e3o e manuten\u00e7\u00e3o de compet\u00eancias funcionais ,promotoras da sa\u00fade geral dos indiv\u00edduos.<\/p>\n\n\n\n<p>A m\u00fasica est\u00e1 presente nas nossas vidas desde que nos conhecemos como seres humanos, permeando as nossas hist\u00f3rias, mem\u00f3rias e emo\u00e7\u00f5es. A m\u00fasica utilizada com objetivos musicoterap\u00eauticos trabalha com a promo\u00e7\u00e3o da sa\u00fade e do bem-estar com o p\u00fablico em que se atua, atrav\u00e9s da harmonia, melodia, ritmo e timbre, dentro das experi\u00eancias musicais, proporcionando espa\u00e7os para a express\u00e3o, criatividade, estimula\u00e7\u00e3o de aspectos cognitivos, sociais, culturais e espirituais.<\/p>\n","protected":false},"excerpt":{"rendered":"<p>A introdu\u00e7\u00e3o da Musicoterapia nas Universidades S\u00e9nior, constitui uma mais valia no aquisi\u00e7\u00e3o e manuten\u00e7\u00e3o de compet\u00eancias funcionais ,promotoras da sa\u00fade geral dos indiv\u00edduos. A m\u00fasica est\u00e1 presente nas nossas vidas desde que nos conhecemos como seres humanos, permeando as nossas hist\u00f3rias, mem\u00f3rias e emo\u00e7\u00f5es. A m\u00fasica utilizada com objetivos musicoterap\u00eauticos trabalha com a promo\u00e7\u00e3o [&hellip;]<\/p>\n","protected":false},"author":1,"featured_media":0,"parent":0,"menu_order":0,"comment_status":"closed","ping_status":"closed","template":"","meta":{"footnotes":""},"class_list":["post-61","page","type-page","status-publish","hentry"],"_links":{"self":[{"href":"https:\/\/musicoterapia.estudioprodusom.com\/index.php\/wp-json\/wp\/v2\/pages\/61","targetHints":{"allow":["GET"]}}],"collection":[{"href":"https:\/\/musicoterapia.estudioprodusom.com\/index.php\/wp-json\/wp\/v2\/pages"}],"about":[{"href":"https:\/\/musicoterapia.estudioprodusom.com\/index.php\/wp-json\/wp\/v2\/types\/page"}],"author":[{"embeddable":true,"href":"https:\/\/musicoterapia.estudioprodusom.com\/index.php\/wp-json\/wp\/v2\/users\/1"}],"replies":[{"embeddable":true,"href":"https:\/\/musicoterapia.estudioprodusom.com\/index.php\/wp-json\/wp\/v2\/comments?post=61"}],"version-history":[{"count":3,"href":"https:\/\/musicoterapia.estudioprodusom.com\/index.php\/wp-json\/wp\/v2\/pages\/61\/revisions"}],"predecessor-version":[{"id":280,"href":"https:\/\/musicoterapia.estudioprodusom.com\/index.php\/wp-json\/wp\/v2\/pages\/61\/revisions\/280"}],"wp:attachment":[{"href":"https:\/\/musicoterapia.estudioprodusom.com\/index.php\/wp-json\/wp\/v2\/media?parent=61"}],"curies":[{"name":"wp","href":"https:\/\/api.w.org\/{rel}","templated":true}]}}