{"id":74,"date":"2021-12-27T11:46:56","date_gmt":"2021-12-27T11:46:56","guid":{"rendered":"https:\/\/musicoterapia.estudioprodusom.com\/?page_id=74"},"modified":"2022-01-24T11:31:15","modified_gmt":"2022-01-24T11:31:15","slug":"hospitais","status":"publish","type":"page","link":"https:\/\/musicoterapia.estudioprodusom.com\/index.php\/hospitais\/","title":{"rendered":"Hospitais"},"content":{"rendered":"\n<figure class=\"wp-block-image size-large is-style-default\"><img loading=\"lazy\" decoding=\"async\" width=\"1024\" height=\"1024\" src=\"https:\/\/musicoterapia.estudioprodusom.com\/wp-content\/uploads\/2021\/12\/Musicoterapia-Hospitais-1024x1024.jpg\" alt=\"\" class=\"wp-image-165\" srcset=\"https:\/\/musicoterapia.estudioprodusom.com\/wp-content\/uploads\/2021\/12\/Musicoterapia-Hospitais-1024x1024.jpg 1024w, https:\/\/musicoterapia.estudioprodusom.com\/wp-content\/uploads\/2021\/12\/Musicoterapia-Hospitais-300x300.jpg 300w, https:\/\/musicoterapia.estudioprodusom.com\/wp-content\/uploads\/2021\/12\/Musicoterapia-Hospitais-150x150.jpg 150w, https:\/\/musicoterapia.estudioprodusom.com\/wp-content\/uploads\/2021\/12\/Musicoterapia-Hospitais-768x768.jpg 768w, https:\/\/musicoterapia.estudioprodusom.com\/wp-content\/uploads\/2021\/12\/Musicoterapia-Hospitais-70x70.jpg 70w, https:\/\/musicoterapia.estudioprodusom.com\/wp-content\/uploads\/2021\/12\/Musicoterapia-Hospitais-127x127.jpg 127w, https:\/\/musicoterapia.estudioprodusom.com\/wp-content\/uploads\/2021\/12\/Musicoterapia-Hospitais-476x476.jpg 476w, https:\/\/musicoterapia.estudioprodusom.com\/wp-content\/uploads\/2021\/12\/Musicoterapia-Hospitais-125x125.jpg 125w, https:\/\/musicoterapia.estudioprodusom.com\/wp-content\/uploads\/2021\/12\/Musicoterapia-Hospitais.jpg 1080w\" sizes=\"auto, (max-width: 1024px) 100vw, 1024px\" \/><\/figure>\n\n\n\n<p>A Musicoterapia favorece a preven\u00e7\u00e3o de doen\u00e7as em larga escala, uma vez que, al\u00e9m de ser uma pr\u00e1tica terap\u00eautica usada na reabilita\u00e7\u00e3o, tornou-se uma ferramenta essencial para o tratamento e a manuten\u00e7\u00e3o do estado de sa\u00fade de alguns pacientes.<\/p>\n\n\n\n<p> A terap\u00eautica pelo som em contexto hospitalar traduz se numa ferramenta diferenciadora quando se fala em sa\u00fade. O estritamento da rela\u00e7\u00e3o cuidador e paciente, resulta em cuidados diferenciados e alargados. A promo\u00e7\u00e3o do bem estar do paciente em alturas sens\u00edveis das suas vidas, tornam  o aporte emocional  fundamental no processo de reabilita\u00e7\u00e3o integrativa do Ser humano.<\/p>\n","protected":false},"excerpt":{"rendered":"<p>A Musicoterapia favorece a preven\u00e7\u00e3o de doen\u00e7as em larga escala, uma vez que, al\u00e9m de ser uma pr\u00e1tica terap\u00eautica usada na reabilita\u00e7\u00e3o, tornou-se uma ferramenta essencial para o tratamento e a manuten\u00e7\u00e3o do estado de sa\u00fade de alguns pacientes. A terap\u00eautica pelo som em contexto hospitalar traduz se numa ferramenta diferenciadora quando se fala em [&hellip;]<\/p>\n","protected":false},"author":1,"featured_media":0,"parent":0,"menu_order":0,"comment_status":"closed","ping_status":"closed","template":"","meta":{"footnotes":""},"class_list":["post-74","page","type-page","status-publish","hentry"],"_links":{"self":[{"href":"https:\/\/musicoterapia.estudioprodusom.com\/index.php\/wp-json\/wp\/v2\/pages\/74","targetHints":{"allow":["GET"]}}],"collection":[{"href":"https:\/\/musicoterapia.estudioprodusom.com\/index.php\/wp-json\/wp\/v2\/pages"}],"about":[{"href":"https:\/\/musicoterapia.estudioprodusom.com\/index.php\/wp-json\/wp\/v2\/types\/page"}],"author":[{"embeddable":true,"href":"https:\/\/musicoterapia.estudioprodusom.com\/index.php\/wp-json\/wp\/v2\/users\/1"}],"replies":[{"embeddable":true,"href":"https:\/\/musicoterapia.estudioprodusom.com\/index.php\/wp-json\/wp\/v2\/comments?post=74"}],"version-history":[{"count":4,"href":"https:\/\/musicoterapia.estudioprodusom.com\/index.php\/wp-json\/wp\/v2\/pages\/74\/revisions"}],"predecessor-version":[{"id":298,"href":"https:\/\/musicoterapia.estudioprodusom.com\/index.php\/wp-json\/wp\/v2\/pages\/74\/revisions\/298"}],"wp:attachment":[{"href":"https:\/\/musicoterapia.estudioprodusom.com\/index.php\/wp-json\/wp\/v2\/media?parent=74"}],"curies":[{"name":"wp","href":"https:\/\/api.w.org\/{rel}","templated":true}]}}