{"id":78,"date":"2021-12-27T11:47:18","date_gmt":"2021-12-27T11:47:18","guid":{"rendered":"https:\/\/musicoterapia.estudioprodusom.com\/?page_id=78"},"modified":"2022-02-07T10:32:59","modified_gmt":"2022-02-07T10:32:59","slug":"ipss","status":"publish","type":"page","link":"https:\/\/musicoterapia.estudioprodusom.com\/index.php\/ipss\/","title":{"rendered":"IPSS"},"content":{"rendered":"\n<p>Como o nome indica, as IPSS desenvolvem atividades de solidariedade social, em dom\u00ednios como a seguran\u00e7a social, sa\u00fade e educa\u00e7\u00e3o. Atrav\u00e9s de uma rela\u00e7\u00e3o de proximidade \u00e0 popula\u00e7\u00e3o e de coopera\u00e7\u00e3o com o Estado, as IPSS procuram dar resposta a situa\u00e7\u00f5es de emerg\u00eancia social e apoiar os cidad\u00e3os mais vulner\u00e1veis. <\/p>\n\n\n\n<p> A \u00a0<strong>Musicoterapia<\/strong>\u00a0social desenvolve o seu campo de a\u00e7\u00e3o em atividades com crian\u00e7as, idosos e gestantes em hospitais, centros de sa\u00fade, creches, casa de repouso e asilos. E, em programas de assist\u00eancia a menores abandonados, infratores ou com compuls\u00f5es aditivas.<\/p>\n\n\n\n<p><\/p>\n\n\n\n<p>As IPSS contatam com diferentes realidades sociais e existenciais do ser humano, por este motivo a aposta em terap\u00eauticas alternativas que possam constituir meios de resposta e suporte aos desequil\u00edbrios constitui uma necessidade comunit\u00e1ria.<\/p>\n\n\n\n<ul class=\"wp-block-list\"><li><\/li><\/ul>\n","protected":false},"excerpt":{"rendered":"<p>Como o nome indica, as IPSS desenvolvem atividades de solidariedade social, em dom\u00ednios como a seguran\u00e7a social, sa\u00fade e educa\u00e7\u00e3o. Atrav\u00e9s de uma rela\u00e7\u00e3o de proximidade \u00e0 popula\u00e7\u00e3o e de coopera\u00e7\u00e3o com o Estado, as IPSS procuram dar resposta a situa\u00e7\u00f5es de emerg\u00eancia social e apoiar os cidad\u00e3os mais vulner\u00e1veis. A \u00a0Musicoterapia\u00a0social desenvolve o seu [&hellip;]<\/p>\n","protected":false},"author":1,"featured_media":0,"parent":0,"menu_order":0,"comment_status":"closed","ping_status":"closed","template":"","meta":{"footnotes":""},"class_list":["post-78","page","type-page","status-publish","hentry"],"_links":{"self":[{"href":"https:\/\/musicoterapia.estudioprodusom.com\/index.php\/wp-json\/wp\/v2\/pages\/78","targetHints":{"allow":["GET"]}}],"collection":[{"href":"https:\/\/musicoterapia.estudioprodusom.com\/index.php\/wp-json\/wp\/v2\/pages"}],"about":[{"href":"https:\/\/musicoterapia.estudioprodusom.com\/index.php\/wp-json\/wp\/v2\/types\/page"}],"author":[{"embeddable":true,"href":"https:\/\/musicoterapia.estudioprodusom.com\/index.php\/wp-json\/wp\/v2\/users\/1"}],"replies":[{"embeddable":true,"href":"https:\/\/musicoterapia.estudioprodusom.com\/index.php\/wp-json\/wp\/v2\/comments?post=78"}],"version-history":[{"count":5,"href":"https:\/\/musicoterapia.estudioprodusom.com\/index.php\/wp-json\/wp\/v2\/pages\/78\/revisions"}],"predecessor-version":[{"id":319,"href":"https:\/\/musicoterapia.estudioprodusom.com\/index.php\/wp-json\/wp\/v2\/pages\/78\/revisions\/319"}],"wp:attachment":[{"href":"https:\/\/musicoterapia.estudioprodusom.com\/index.php\/wp-json\/wp\/v2\/media?parent=78"}],"curies":[{"name":"wp","href":"https:\/\/api.w.org\/{rel}","templated":true}]}}