{"id":80,"date":"2021-12-27T11:48:01","date_gmt":"2021-12-27T11:48:01","guid":{"rendered":"https:\/\/musicoterapia.estudioprodusom.com\/?page_id=80"},"modified":"2022-01-13T14:15:37","modified_gmt":"2022-01-13T14:15:37","slug":"sessoes-terapeuticas","status":"publish","type":"page","link":"https:\/\/musicoterapia.estudioprodusom.com\/index.php\/sessoes-terapeuticas\/","title":{"rendered":"Sess\u00f5es Terap\u00eauticas"},"content":{"rendered":"\n<h2 class=\"wp-block-heading\">Terapias<\/h2>\n\n\n\n<h3 class=\"wp-block-heading\">&nbsp;<\/h3>\n\n\n\n<h3 class=\"wp-block-heading\">Estimula\u00e7\u00e3o Cognitiva<\/h3>\n\n\n\n<p>Na estimula\u00e7\u00e3o cognitiva trabalham-se fun\u00e7\u00f5es nervosas superiores que julgamos com potencial de serem reabilitadas.  Atrav\u00e9s do recurso \u00e1 musicoterapia, a estimula\u00e7\u00e3o cerebral \u00e9 amplamente potenciada.<\/p>\n\n\n\n<p><\/p>\n\n\n\n<h3 class=\"wp-block-heading\">&nbsp;<\/h3>\n\n\n\n<p><a rel=\"noreferrer noopener\" href=\"https:\/\/telegram.me\/share\/url?url=https%3A%2F%2Fdrdiegodecastro.com%2Fbeneficios-da-musicoterapia%2F&amp;text=Conhe%C3%A7a%20os%20Benef%C3%ADcios%20da%20Musicoterapia%20para%20as%20Doen%C3%A7as%20Neurol%C3%B3gicas\" target=\"_blank\"><\/a>S\u00e3o in\u00fameros os&nbsp;<strong>benef\u00edcios da musicoterapia para as doen\u00e7as neurol\u00f3gicas.<\/strong>&nbsp;Segundo a&nbsp;<a href=\"https:\/\/www.musictherapy.org\/\"><em>American Music Therapy Association<\/em><\/a>, a&nbsp;<em><strong>musicoterapia<\/strong><\/em>&nbsp;\u00e9 uma &#8220;<em>forma especial de&nbsp;<a href=\"https:\/\/cnnh.org\/5-reasons-music-therapy-works-for-neurological-and-neurodevelopmental-disorders\/\">terapia<\/a>&nbsp;que utiliza a m\u00fasica como base de tratamento e reabilita\u00e7\u00e3o&#8221;<\/em>.<\/p>\n\n\n\n<p>A m\u00fasica possui uma capacidade \u00fanica de acessar sistemas afetivos, motivacionais e de mem\u00f3ria no c\u00e9rebro. Devido sua estrutura em ritmo, compasso e melodia, que funde um sistema organizado a um componente emocional e intuitivo, ela \u00e9 capaz de aprimorar os processos de:<\/p>\n\n\n\n<ul class=\"wp-block-list\"><li>Percep\u00e7\u00e3o<\/li><li>Cogni\u00e7\u00e3o<\/li><li>Linguagem<\/li><li>Aprendizagem motora<\/li><li>Motiva\u00e7\u00e3o para atividades de reabilita\u00e7\u00e3o.<\/li><\/ul>\n\n\n\n<h2 class=\"wp-block-heading\">Benef\u00edcios da M\u00fasica e Musicoterapia para o C\u00e9rebro<\/h2>\n\n\n\n<p>A&nbsp;<a href=\"https:\/\/positivepsychology.com\/music-therapy\/\"><em>m\u00fasica<\/em><\/a>&nbsp;\u00e9 uma linguagem universal, art\u00edstica, que est\u00e1 presente em toda a hist\u00f3ria da humanidade. Tamb\u00e9m \u00e9 utilizada desde tempos antigos para:<\/p>\n\n\n\n<ul class=\"wp-block-list\"><li>Medita\u00e7\u00e3o<\/li><li>Relaxamento<\/li><li>Prazer<\/li><li>Express\u00e3o de alegria<\/li><li>Tristeza<\/li><li>Encorajar os passos de soldados rumo \u00e0 guerra.<\/li><\/ul>\n\n\n\n<p>Al\u00e9m disso, a m\u00fasica desempenha um importante papel na socializa\u00e7\u00e3o e coletividade da esp\u00e9cie humana e ainda se desdobra em outras atividades art\u00edsticas criativas como a dan\u00e7a.<\/p>\n\n\n\n<p>Na medicina, a m\u00fasica pode ser usada como uma modalidade complementar para acessar fun\u00e7\u00f5es cerebrais indispon\u00edveis por meio de est\u00edmulos n\u00e3o musicais. , a&nbsp;<strong><em>musicoterapia<\/em>&nbsp;\u00e9 a ci\u00eancia que se dedica a reabilita\u00e7\u00e3o de doen\u00e7as neurol\u00f3gicas e psiqui\u00e1tricas por meio de est\u00edmulos musicais<\/strong>. Processos cerebrais ativados pela influ\u00eancia da m\u00fasica podem ser generalizados e transferidos para fun\u00e7\u00f5es n\u00e3o musicais.<\/p>\n\n\n\n<p>Portanto, na pr\u00e1tica cl\u00ednica, exerc\u00edcios terap\u00eauticos de musicoterapia podem ser realizados para:<\/p>\n\n\n\n<ul class=\"wp-block-list\"><li>Dar in\u00edcio, sinalizar e coordenar movimentos<\/li><li>Regular as fun\u00e7\u00f5es fisiol\u00f3gicas e comportamentais<\/li><li>Melhorar a linguagem<\/li><li>Melhorar o humor<\/li><li>Aumentar a motiva\u00e7\u00e3o.<\/li><\/ul>\n\n\n\n<p>Em neurologia, a musicoterapia \u00e9 uma forma de estimula\u00e7\u00e3o cerebral utilizada no tratamento de:<\/p>\n\n\n\n<ul class=\"wp-block-list\"><li>Acidentes vasculares cerebrais<\/li><li>Les\u00f5es cerebrais traum\u00e1ticas<\/li><li>Dem\u00eancia de Alzheimer<\/li><li>Doen\u00e7a de Parkinson<\/li><li>Outros d\u00e9ficits motores e cognitivos.<\/li><\/ul>\n\n\n\n<p>Estudos de resultados cl\u00ednicos fornecem evid\u00eancias da superioridade significativa da reabilita\u00e7\u00e3o com m\u00fasica sobre sua realiza\u00e7\u00e3o sem m\u00fasica.<\/p>\n\n\n\n<p><\/p>\n\n\n\n<p><\/p>\n\n\n\n<p><\/p>\n\n\n\n<h3 class=\"wp-block-heading\">&nbsp;<\/h3>\n\n\n\n<h3 class=\"wp-block-heading\">&nbsp;<\/h3>\n","protected":false},"excerpt":{"rendered":"<p>Terapias &nbsp; Estimula\u00e7\u00e3o Cognitiva Na estimula\u00e7\u00e3o cognitiva trabalham-se fun\u00e7\u00f5es nervosas superiores que julgamos com potencial de serem reabilitadas. Atrav\u00e9s do recurso \u00e1 musicoterapia, a estimula\u00e7\u00e3o cerebral \u00e9 amplamente potenciada. &nbsp; S\u00e3o in\u00fameros os&nbsp;benef\u00edcios da musicoterapia para as doen\u00e7as neurol\u00f3gicas.&nbsp;Segundo a&nbsp;American Music Therapy Association, a&nbsp;musicoterapia&nbsp;\u00e9 uma &#8220;forma especial de&nbsp;terapia&nbsp;que utiliza a m\u00fasica como base de tratamento [&hellip;]<\/p>\n","protected":false},"author":1,"featured_media":0,"parent":0,"menu_order":0,"comment_status":"closed","ping_status":"closed","template":"","meta":{"footnotes":""},"class_list":["post-80","page","type-page","status-publish","hentry"],"_links":{"self":[{"href":"https:\/\/musicoterapia.estudioprodusom.com\/index.php\/wp-json\/wp\/v2\/pages\/80","targetHints":{"allow":["GET"]}}],"collection":[{"href":"https:\/\/musicoterapia.estudioprodusom.com\/index.php\/wp-json\/wp\/v2\/pages"}],"about":[{"href":"https:\/\/musicoterapia.estudioprodusom.com\/index.php\/wp-json\/wp\/v2\/types\/page"}],"author":[{"embeddable":true,"href":"https:\/\/musicoterapia.estudioprodusom.com\/index.php\/wp-json\/wp\/v2\/users\/1"}],"replies":[{"embeddable":true,"href":"https:\/\/musicoterapia.estudioprodusom.com\/index.php\/wp-json\/wp\/v2\/comments?post=80"}],"version-history":[{"count":5,"href":"https:\/\/musicoterapia.estudioprodusom.com\/index.php\/wp-json\/wp\/v2\/pages\/80\/revisions"}],"predecessor-version":[{"id":284,"href":"https:\/\/musicoterapia.estudioprodusom.com\/index.php\/wp-json\/wp\/v2\/pages\/80\/revisions\/284"}],"wp:attachment":[{"href":"https:\/\/musicoterapia.estudioprodusom.com\/index.php\/wp-json\/wp\/v2\/media?parent=80"}],"curies":[{"name":"wp","href":"https:\/\/api.w.org\/{rel}","templated":true}]}}