{"id":89,"date":"2021-12-27T11:48:57","date_gmt":"2021-12-27T11:48:57","guid":{"rendered":"https:\/\/musicoterapia.estudioprodusom.com\/?page_id=89"},"modified":"2022-02-07T10:42:53","modified_gmt":"2022-02-07T10:42:53","slug":"terapia-do-som","status":"publish","type":"page","link":"https:\/\/musicoterapia.estudioprodusom.com\/index.php\/terapia-do-som\/","title":{"rendered":"Terapia do Som"},"content":{"rendered":"\n<p>A&nbsp;<strong>Terapia do Som<\/strong>&nbsp;utiliza o som e a&nbsp; vibra\u00e7\u00e3o dos instrumentos para regenera\u00e7\u00e3o celular profunda para melhorar a sa\u00fade e o bem-estar.&nbsp;&nbsp;&nbsp;\u00c9&nbsp;especialmente&nbsp;<em><strong>indicada&nbsp;<\/strong><\/em><em><strong>para quem pretende ter momentos de tranquilidade, quietude e cuidar-se de forma integral<\/strong><\/em>.<\/p>\n\n\n\n<p>Com o som harm\u00f3nico e vibra\u00e7\u00e3o,&nbsp; as c\u00e9lulas recebem uma programa\u00e7\u00e3o saud\u00e1vel despertando o seu sistema de mem\u00f3ria para a auto-regenera\u00e7\u00e3o e para a harmonia f\u00edsica, mental e&nbsp; emocional.<\/p>\n\n\n\n<div class=\"wp-block-image\"><figure class=\"aligncenter size-large\"><img loading=\"lazy\" decoding=\"async\" width=\"1024\" height=\"1024\" src=\"https:\/\/musicoterapia.estudioprodusom.com\/wp-content\/uploads\/2021\/12\/Musicoterapia-terapia-do-som-1024x1024.jpg\" alt=\"\" class=\"wp-image-171\" srcset=\"https:\/\/musicoterapia.estudioprodusom.com\/wp-content\/uploads\/2021\/12\/Musicoterapia-terapia-do-som-1024x1024.jpg 1024w, https:\/\/musicoterapia.estudioprodusom.com\/wp-content\/uploads\/2021\/12\/Musicoterapia-terapia-do-som-300x300.jpg 300w, https:\/\/musicoterapia.estudioprodusom.com\/wp-content\/uploads\/2021\/12\/Musicoterapia-terapia-do-som-150x150.jpg 150w, https:\/\/musicoterapia.estudioprodusom.com\/wp-content\/uploads\/2021\/12\/Musicoterapia-terapia-do-som-768x768.jpg 768w, https:\/\/musicoterapia.estudioprodusom.com\/wp-content\/uploads\/2021\/12\/Musicoterapia-terapia-do-som-70x70.jpg 70w, https:\/\/musicoterapia.estudioprodusom.com\/wp-content\/uploads\/2021\/12\/Musicoterapia-terapia-do-som-127x127.jpg 127w, https:\/\/musicoterapia.estudioprodusom.com\/wp-content\/uploads\/2021\/12\/Musicoterapia-terapia-do-som-476x476.jpg 476w, https:\/\/musicoterapia.estudioprodusom.com\/wp-content\/uploads\/2021\/12\/Musicoterapia-terapia-do-som-125x125.jpg 125w, https:\/\/musicoterapia.estudioprodusom.com\/wp-content\/uploads\/2021\/12\/Musicoterapia-terapia-do-som.jpg 1080w\" sizes=\"auto, (max-width: 1024px) 100vw, 1024px\" \/><\/figure><\/div>\n\n\n\n<figure class=\"wp-block-image size-large\"><img loading=\"lazy\" decoding=\"async\" width=\"1024\" height=\"1024\" src=\"https:\/\/musicoterapia.estudioprodusom.com\/wp-content\/uploads\/2022\/01\/Terapia-do-Som-1024x1024.jpg\" alt=\"\" class=\"wp-image-257\" srcset=\"https:\/\/musicoterapia.estudioprodusom.com\/wp-content\/uploads\/2022\/01\/Terapia-do-Som-1024x1024.jpg 1024w, https:\/\/musicoterapia.estudioprodusom.com\/wp-content\/uploads\/2022\/01\/Terapia-do-Som-300x300.jpg 300w, https:\/\/musicoterapia.estudioprodusom.com\/wp-content\/uploads\/2022\/01\/Terapia-do-Som-150x150.jpg 150w, https:\/\/musicoterapia.estudioprodusom.com\/wp-content\/uploads\/2022\/01\/Terapia-do-Som-768x768.jpg 768w, https:\/\/musicoterapia.estudioprodusom.com\/wp-content\/uploads\/2022\/01\/Terapia-do-Som-70x70.jpg 70w, https:\/\/musicoterapia.estudioprodusom.com\/wp-content\/uploads\/2022\/01\/Terapia-do-Som-127x127.jpg 127w, https:\/\/musicoterapia.estudioprodusom.com\/wp-content\/uploads\/2022\/01\/Terapia-do-Som-476x476.jpg 476w, https:\/\/musicoterapia.estudioprodusom.com\/wp-content\/uploads\/2022\/01\/Terapia-do-Som-125x125.jpg 125w, https:\/\/musicoterapia.estudioprodusom.com\/wp-content\/uploads\/2022\/01\/Terapia-do-Som.jpg 1080w\" sizes=\"auto, (max-width: 1024px) 100vw, 1024px\" \/><\/figure>\n\n\n\n<p><\/p>\n\n\n\n<p>&#8221; \u00c9 a escuta que d\u00e1 sentido \u00e0 fala&#8221;<\/p>\n\n\n\n<p><strong>Tipos de ouvinte<\/strong><\/p>\n\n\n\n<p>Indiv\u00edduos que se deparam com o mesmo est\u00edmulo musical podem assumir uma posi\u00e7\u00e3o diferente ao ouvir sons. \u00c9 por esta raz\u00e3o que podem ser observados os seguintes tipos de ouvinte (Botella e Gimeno, 2015):<\/p>\n\n\n\n<ul class=\"wp-block-list\"><li><strong>Ouvinte totalmente consciente<\/strong>.<\/li><\/ul>\n\n\n\n<p>Corresponde \u00e0s pessoas que n\u00e3o perdem detalhes dos est\u00edmulos que lhes s\u00e3o apresentados. Geralmente, os m\u00fasicos profissionais pertencem a este grupo.<\/p>\n\n\n\n<ul class=\"wp-block-list\"><li><strong>Bom ouvinte<\/strong>.<\/li><\/ul>\n\n\n\n<p>S\u00e3o indiv\u00edduos que valorizam a m\u00fasica com fundamento e levam em considera\u00e7\u00e3o o seu valor, por isso n\u00e3o se orientam apenas pelos seus gostos pessoais. No entanto, eles n\u00e3o est\u00e3o totalmente cientes das implica\u00e7\u00f5es t\u00e9cnicas e estruturais da m\u00fasica.<\/p>\n\n\n\n<ul class=\"wp-block-list\"><li><strong>Ouvinte cultural<\/strong>.<\/li><\/ul>\n\n\n\n<p>Corresponde a sujeitos que respeitam a m\u00fasica como bem cultural e a valorizam socialmente. Portanto, s\u00e3o ouvintes que possuem conhecimentos sobre m\u00fasica, principalmente elementos biogr\u00e1ficos e conhecimento do relato musical, mas que n\u00e3o possuem a capacidade dos anteriores.<\/p>\n\n\n\n<ul class=\"wp-block-list\"><li><strong>Ouvinte emocional.<\/strong><\/li><\/ul>\n\n\n\n<p>S\u00e3o indiv\u00edduos estimulados pela m\u00fasica, criando associa\u00e7\u00f5es mentais, e suas experi\u00eancias musicais aproximam-se do vago devaneio e da sonol\u00eancia.<\/p>\n\n\n\n<ul class=\"wp-block-list\"><li><strong>Ouvinte sensual.<\/strong><\/li><\/ul>\n\n\n\n<p>Tem a ver com quem escuta m\u00fasica por puro entretenimento, sem outra finalidade sen\u00e3o para desfrutar.<\/p>\n\n\n\n<ul class=\"wp-block-list\"><li><strong>Ouvinte indiferente.<\/strong>&nbsp;Ocorre em indiv\u00edduos indiferentes e passivos \u00e0 m\u00fasica, n\u00e3o d\u00e3o import\u00e2ncia.<\/li><\/ul>\n\n\n\n<ul class=\"wp-block-list\"><li><strong>Ouvinte hedonista<\/strong>.<\/li><li>Corresponde \u00e0queles que buscam o prazer sensorial por meio da m\u00fasica, mas n\u00e3o se aprofundam nela.<\/li><\/ul>\n\n\n\n<p><\/p>\n\n\n\n<ul class=\"wp-block-list\"><li><strong>Ouvinte espiritual<\/strong>.<\/li><li>&nbsp;Ocorre em sujeitos que v\u00e3o al\u00e9m da mera a\u00e7\u00e3o de ouvir. Eles apreciam a m\u00fasica levando em considera\u00e7\u00e3o as emo\u00e7\u00f5es que ela produz e o seu potencial para mudar o humor.<\/li><\/ul>\n\n\n\n<ul class=\"wp-block-list\"><li><strong>Ouvinte intelectual.<\/strong><\/li><li>Destacam-se por serem pessoas que desejam penetrar na composi\u00e7\u00e3o musical, principalmente na sua an\u00e1lise. Eles pretendem, obter um gozo intelectual pelo meio da sua compreens\u00e3o.<\/li><\/ul>\n\n\n\n<p><\/p>\n","protected":false},"excerpt":{"rendered":"<p>A&nbsp;Terapia do Som&nbsp;utiliza o som e a&nbsp; vibra\u00e7\u00e3o dos instrumentos para regenera\u00e7\u00e3o celular profunda para melhorar a sa\u00fade e o bem-estar.&nbsp;&nbsp;&nbsp;\u00c9&nbsp;especialmente&nbsp;indicada&nbsp;para quem pretende ter momentos de tranquilidade, quietude e cuidar-se de forma integral. Com o som harm\u00f3nico e vibra\u00e7\u00e3o,&nbsp; as c\u00e9lulas recebem uma programa\u00e7\u00e3o saud\u00e1vel despertando o seu sistema de mem\u00f3ria para a auto-regenera\u00e7\u00e3o e [&hellip;]<\/p>\n","protected":false},"author":1,"featured_media":0,"parent":0,"menu_order":0,"comment_status":"closed","ping_status":"closed","template":"","meta":{"footnotes":""},"class_list":["post-89","page","type-page","status-publish","hentry"],"_links":{"self":[{"href":"https:\/\/musicoterapia.estudioprodusom.com\/index.php\/wp-json\/wp\/v2\/pages\/89","targetHints":{"allow":["GET"]}}],"collection":[{"href":"https:\/\/musicoterapia.estudioprodusom.com\/index.php\/wp-json\/wp\/v2\/pages"}],"about":[{"href":"https:\/\/musicoterapia.estudioprodusom.com\/index.php\/wp-json\/wp\/v2\/types\/page"}],"author":[{"embeddable":true,"href":"https:\/\/musicoterapia.estudioprodusom.com\/index.php\/wp-json\/wp\/v2\/users\/1"}],"replies":[{"embeddable":true,"href":"https:\/\/musicoterapia.estudioprodusom.com\/index.php\/wp-json\/wp\/v2\/comments?post=89"}],"version-history":[{"count":13,"href":"https:\/\/musicoterapia.estudioprodusom.com\/index.php\/wp-json\/wp\/v2\/pages\/89\/revisions"}],"predecessor-version":[{"id":327,"href":"https:\/\/musicoterapia.estudioprodusom.com\/index.php\/wp-json\/wp\/v2\/pages\/89\/revisions\/327"}],"wp:attachment":[{"href":"https:\/\/musicoterapia.estudioprodusom.com\/index.php\/wp-json\/wp\/v2\/media?parent=89"}],"curies":[{"name":"wp","href":"https:\/\/api.w.org\/{rel}","templated":true}]}}