{"id":94,"date":"2021-12-27T11:49:42","date_gmt":"2021-12-27T11:49:42","guid":{"rendered":"https:\/\/musicoterapia.estudioprodusom.com\/?page_id=94"},"modified":"2022-02-07T10:34:12","modified_gmt":"2022-02-07T10:34:12","slug":"praticas-meditativas","status":"publish","type":"page","link":"https:\/\/musicoterapia.estudioprodusom.com\/index.php\/praticas-meditativas\/","title":{"rendered":"Pr\u00e1ticas Meditativas"},"content":{"rendered":"\n<figure class=\"wp-block-image size-large\"><img loading=\"lazy\" decoding=\"async\" width=\"1024\" height=\"1024\" src=\"https:\/\/musicoterapia.estudioprodusom.com\/wp-content\/uploads\/2022\/01\/Musicoterapia-beneficios-da-musica-2-1024x1024.jpg\" alt=\"\" class=\"wp-image-230\" srcset=\"https:\/\/musicoterapia.estudioprodusom.com\/wp-content\/uploads\/2022\/01\/Musicoterapia-beneficios-da-musica-2-1024x1024.jpg 1024w, https:\/\/musicoterapia.estudioprodusom.com\/wp-content\/uploads\/2022\/01\/Musicoterapia-beneficios-da-musica-2-300x300.jpg 300w, https:\/\/musicoterapia.estudioprodusom.com\/wp-content\/uploads\/2022\/01\/Musicoterapia-beneficios-da-musica-2-150x150.jpg 150w, https:\/\/musicoterapia.estudioprodusom.com\/wp-content\/uploads\/2022\/01\/Musicoterapia-beneficios-da-musica-2-768x768.jpg 768w, https:\/\/musicoterapia.estudioprodusom.com\/wp-content\/uploads\/2022\/01\/Musicoterapia-beneficios-da-musica-2-1536x1536.jpg 1536w, https:\/\/musicoterapia.estudioprodusom.com\/wp-content\/uploads\/2022\/01\/Musicoterapia-beneficios-da-musica-2-2048x2048.jpg 2048w, https:\/\/musicoterapia.estudioprodusom.com\/wp-content\/uploads\/2022\/01\/Musicoterapia-beneficios-da-musica-2-70x70.jpg 70w, https:\/\/musicoterapia.estudioprodusom.com\/wp-content\/uploads\/2022\/01\/Musicoterapia-beneficios-da-musica-2-127x127.jpg 127w, https:\/\/musicoterapia.estudioprodusom.com\/wp-content\/uploads\/2022\/01\/Musicoterapia-beneficios-da-musica-2-476x476.jpg 476w, https:\/\/musicoterapia.estudioprodusom.com\/wp-content\/uploads\/2022\/01\/Musicoterapia-beneficios-da-musica-2-125x125.jpg 125w\" sizes=\"auto, (max-width: 1024px) 100vw, 1024px\" \/><\/figure>\n\n\n\n<figure class=\"wp-block-gallery has-nested-images columns-default is-cropped wp-block-gallery-1 is-layout-flex wp-block-gallery-is-layout-flex\">\n<figure class=\"wp-block-image size-large\"><img loading=\"lazy\" decoding=\"async\" width=\"1024\" height=\"1024\" data-id=\"247\" src=\"https:\/\/musicoterapia.estudioprodusom.com\/wp-content\/uploads\/2022\/01\/Meditac\u0327a\u0303o-Pensamento-3-1024x1024.jpg\" alt=\"\" class=\"wp-image-247\" srcset=\"https:\/\/musicoterapia.estudioprodusom.com\/wp-content\/uploads\/2022\/01\/Meditac\u0327a\u0303o-Pensamento-3-1024x1024.jpg 1024w, https:\/\/musicoterapia.estudioprodusom.com\/wp-content\/uploads\/2022\/01\/Meditac\u0327a\u0303o-Pensamento-3-300x300.jpg 300w, https:\/\/musicoterapia.estudioprodusom.com\/wp-content\/uploads\/2022\/01\/Meditac\u0327a\u0303o-Pensamento-3-150x150.jpg 150w, https:\/\/musicoterapia.estudioprodusom.com\/wp-content\/uploads\/2022\/01\/Meditac\u0327a\u0303o-Pensamento-3-768x768.jpg 768w, https:\/\/musicoterapia.estudioprodusom.com\/wp-content\/uploads\/2022\/01\/Meditac\u0327a\u0303o-Pensamento-3-70x70.jpg 70w, https:\/\/musicoterapia.estudioprodusom.com\/wp-content\/uploads\/2022\/01\/Meditac\u0327a\u0303o-Pensamento-3-127x127.jpg 127w, https:\/\/musicoterapia.estudioprodusom.com\/wp-content\/uploads\/2022\/01\/Meditac\u0327a\u0303o-Pensamento-3-476x476.jpg 476w, https:\/\/musicoterapia.estudioprodusom.com\/wp-content\/uploads\/2022\/01\/Meditac\u0327a\u0303o-Pensamento-3-125x125.jpg 125w, https:\/\/musicoterapia.estudioprodusom.com\/wp-content\/uploads\/2022\/01\/Meditac\u0327a\u0303o-Pensamento-3.jpg 1080w\" sizes=\"auto, (max-width: 1024px) 100vw, 1024px\" \/><\/figure>\n<\/figure>\n\n\n\n<p>Est\u00e1 cientificamente comprovado de que a pr\u00e1tica meditativa regular , constitui uma ferramenta poderosa quando o assunto \u00e9 o Autoconhecimento do indiv\u00edduo. O simples ato de desligar a mente, ativa sensa\u00e7\u00f5es de bem estar, trazendo o equ\u00edlibrio desejado entre a mente e o corpo.<\/p>\n\n\n\n<p>A medita\u00e7\u00e3o n\u00e3o \u00e9 apenas uma t\u00e9cnica mecanicamente aplicada, mas uma atitude consciente desencadeada pelo indiv\u00edduo onde a mente permanece calma e ao mesmo tempo centrada e alerta, este dom\u00ednio sobre a mente abre as portas ao mundo inconsciente onde residem a maioria das emo\u00e7\u00f5es, respons\u00e1veis pelo comportamento manifesto.<\/p>\n\n\n\n<p><\/p>\n","protected":false},"excerpt":{"rendered":"<p>Est\u00e1 cientificamente comprovado de que a pr\u00e1tica meditativa regular , constitui uma ferramenta poderosa quando o assunto \u00e9 o Autoconhecimento do indiv\u00edduo. O simples ato de desligar a mente, ativa sensa\u00e7\u00f5es de bem estar, trazendo o equ\u00edlibrio desejado entre a mente e o corpo. A medita\u00e7\u00e3o n\u00e3o \u00e9 apenas uma t\u00e9cnica mecanicamente aplicada, mas uma [&hellip;]<\/p>\n","protected":false},"author":1,"featured_media":0,"parent":0,"menu_order":0,"comment_status":"closed","ping_status":"closed","template":"","meta":{"footnotes":""},"class_list":["post-94","page","type-page","status-publish","hentry"],"_links":{"self":[{"href":"https:\/\/musicoterapia.estudioprodusom.com\/index.php\/wp-json\/wp\/v2\/pages\/94","targetHints":{"allow":["GET"]}}],"collection":[{"href":"https:\/\/musicoterapia.estudioprodusom.com\/index.php\/wp-json\/wp\/v2\/pages"}],"about":[{"href":"https:\/\/musicoterapia.estudioprodusom.com\/index.php\/wp-json\/wp\/v2\/types\/page"}],"author":[{"embeddable":true,"href":"https:\/\/musicoterapia.estudioprodusom.com\/index.php\/wp-json\/wp\/v2\/users\/1"}],"replies":[{"embeddable":true,"href":"https:\/\/musicoterapia.estudioprodusom.com\/index.php\/wp-json\/wp\/v2\/comments?post=94"}],"version-history":[{"count":8,"href":"https:\/\/musicoterapia.estudioprodusom.com\/index.php\/wp-json\/wp\/v2\/pages\/94\/revisions"}],"predecessor-version":[{"id":320,"href":"https:\/\/musicoterapia.estudioprodusom.com\/index.php\/wp-json\/wp\/v2\/pages\/94\/revisions\/320"}],"wp:attachment":[{"href":"https:\/\/musicoterapia.estudioprodusom.com\/index.php\/wp-json\/wp\/v2\/media?parent=94"}],"curies":[{"name":"wp","href":"https:\/\/api.w.org\/{rel}","templated":true}]}}